{"id":118,"date":"2024-07-04T00:53:04","date_gmt":"2024-07-03T22:53:04","guid":{"rendered":"https:\/\/balisense.fr\/?page_id=118"},"modified":"2026-03-06T00:12:52","modified_gmt":"2026-03-05T23:12:52","slug":"accueil","status":"publish","type":"page","link":"https:\/\/balisense.fr\/","title":{"rendered":"Accueil"},"content":{"rendered":"\n<div class=\"wp-block-cover alignfull is-light has-custom-content-position is-position-bottom-center\" style=\"padding-top:2%;min-height:60rem;aspect-ratio:unset;\"><img loading=\"lazy\" decoding=\"async\" width=\"1920\" height=\"1278\" class=\"wp-block-cover__image-background wp-image-194\" alt=\"\" src=\"https:\/\/balisense.fr\/wp-content\/uploads\/2024\/07\/health-centre-686389_1920-1.jpg\" style=\"object-position:49% 48%\" data-object-fit=\"cover\" data-object-position=\"49% 48%\" srcset=\"https:\/\/balisense.fr\/wp-content\/uploads\/2024\/07\/health-centre-686389_1920-1.jpg 1920w, https:\/\/balisense.fr\/wp-content\/uploads\/2024\/07\/health-centre-686389_1920-1-300x200.jpg 300w, https:\/\/balisense.fr\/wp-content\/uploads\/2024\/07\/health-centre-686389_1920-1-1024x682.jpg 1024w, https:\/\/balisense.fr\/wp-content\/uploads\/2024\/07\/health-centre-686389_1920-1-768x511.jpg 768w, https:\/\/balisense.fr\/wp-content\/uploads\/2024\/07\/health-centre-686389_1920-1-1536x1022.jpg 1536w\" sizes=\"auto, (max-width: 1920px) 100vw, 1920px\" \/><span aria-hidden=\"true\" class=\"wp-block-cover__background has-background-dim-0 has-background-dim has-background-gradient\" style=\"background:linear-gradient(135deg,rgb(252,185,0) 0%,rgb(255,105,0) 100%)\"><\/span><div class=\"wp-block-cover__inner-container has-global-padding is-layout-constrained wp-container-core-cover-is-layout-ee51f2d2 wp-block-cover-is-layout-constrained\">\n<div class=\"wp-block-group alignwide is-vertical is-content-justification-center is-layout-flex wp-container-core-group-is-layout-5e763914 wp-block-group-is-layout-flex\" style=\"min-height:35rem\">\n<div class=\"wp-block-group has-global-padding is-layout-constrained wp-container-core-group-is-layout-bea02a06 wp-block-group-is-layout-constrained\">\n<h3 class=\"wp-block-heading has-text-align-center has-text-color has-cinzel-decorative-font-family\" style=\"color:#372915;margin-bottom:1rem;font-size:clamp(2.156rem, 2.156rem + ((1vw - 0.2rem) * 3.171), 3.9rem);font-style:normal;font-weight:400;line-height:1;text-transform:none\"><strong>Un voyage de sens Balinais pour femme<\/strong><\/h3>\n\n\n\n<h3 class=\"wp-block-heading has-text-align-center has-text-color has-cinzel-decorative-font-family\" style=\"color:#372915;margin-bottom:1rem;font-size:clamp(2.156rem, 2.156rem + ((1vw - 0.2rem) * 3.171), 3.9rem);font-style:normal;font-weight:400;line-height:1;text-transform:none\"><\/h3>\n\n\n\n<p class=\"has-text-align-center has-text-color has-link-color has-young-serif-regular-font-family has-medium-font-size wp-elements-72a4113856bd8259d519c059c80d83d8\" style=\"color:#010101\"><strong>uniquement pour femme sur rendez-vous<\/strong><\/p>\n<\/div>\n\n\n\n<div class=\"wp-block-group has-global-padding is-content-justification-center is-layout-constrained wp-container-core-group-is-layout-0638dde4 wp-block-group-is-layout-constrained\" style=\"margin-top:0px\">\n<div class=\"wp-block-buttons is-horizontal is-content-justification-right is-layout-flex wp-container-core-buttons-is-layout-e5324bbf wp-block-buttons-is-layout-flex\" style=\"margin-top:0.21rem\">\n<div class=\"wp-block-button has-custom-width wp-block-button__width-100 is-style-fill\"><a class=\"wp-block-button__link has-text-color has-background has-border-color has-work-sans-regular-font-family has-text-align-center has-custom-font-size wp-element-button\" href=\"https:\/\/balisense.fr\/index.php\/contact\/\" style=\"border-color:#041d55;border-style:solid;border-width:1px;border-radius:2.5rem;color:#372915;background-color:#ffffff;padding-top:1.1rem;padding-right:0.81rem;padding-bottom:1.1rem;padding-left:0.81rem;font-size:clamp(0.875rem, 0.875rem + ((1vw - 0.2rem) * 0.609), 1.21rem);font-style:normal;font-weight:400;line-height:1;text-transform:capitalize\">R\u00e9servez-nous<\/a><\/div>\n<\/div>\n<\/div>\n<\/div>\n<\/div><\/div>\n\n\n\n<div class=\"wp-block-group alignfull has-global-padding is-layout-constrained wp-container-core-group-is-layout-1257c590 wp-block-group-is-layout-constrained\" style=\"margin-top:0;margin-bottom:0;padding-top:5.51rem;padding-right:1rem;padding-bottom:3rem;padding-left:1rem\">\n<div class=\"wp-block-group alignwide has-global-padding is-layout-constrained wp-block-group-is-layout-constrained\" style=\"padding-bottom:1rem\">\n<h2 class=\"wp-block-heading has-text-align-center has-text-color has-cinzel-decorative-font-family\" style=\"color:#372915;font-size:clamp(1.556rem, 1.556rem + ((1vw - 0.2rem) * 1.916), 2.61rem);font-style:normal;font-weight:700;line-height:1.5;text-transform:capitalize\">Nos Services<\/h2>\n<\/div>\n\n\n\n<div class=\"wp-block-group alignwide has-global-padding is-layout-constrained wp-container-core-group-is-layout-1cf432e6 wp-block-group-is-layout-constrained\" style=\"margin-top:1.01rem\">\n<div class=\"wp-block-columns alignwide is-layout-flex wp-container-core-columns-is-layout-85231905 wp-block-columns-is-layout-flex\">\n<div class=\"wp-block-column has-global-padding is-content-justification-center is-layout-constrained wp-container-core-column-is-layout-412b4476 wp-block-column-is-layout-constrained\" style=\"padding-bottom:2rem\">\n<div class=\"wp-block-group has-global-padding is-layout-constrained wp-container-core-group-is-layout-668d2085 wp-block-group-is-layout-constrained\">\n<figure class=\"wp-block-image aligncenter size-full is-resized has-custom-border is-style-rounded\"><img loading=\"lazy\" decoding=\"async\" width=\"1707\" height=\"2560\" src=\"https:\/\/balisense.fr\/wp-content\/uploads\/2024\/07\/pexels-anntarazevich-6560282-scaled.jpg\" alt=\"\" class=\"wp-image-165\" style=\"border-radius:30px;width:290px\" srcset=\"https:\/\/balisense.fr\/wp-content\/uploads\/2024\/07\/pexels-anntarazevich-6560282-scaled.jpg 1707w, https:\/\/balisense.fr\/wp-content\/uploads\/2024\/07\/pexels-anntarazevich-6560282-200x300.jpg 200w, https:\/\/balisense.fr\/wp-content\/uploads\/2024\/07\/pexels-anntarazevich-6560282-683x1024.jpg 683w, https:\/\/balisense.fr\/wp-content\/uploads\/2024\/07\/pexels-anntarazevich-6560282-768x1152.jpg 768w, https:\/\/balisense.fr\/wp-content\/uploads\/2024\/07\/pexels-anntarazevich-6560282-1024x1536.jpg 1024w, https:\/\/balisense.fr\/wp-content\/uploads\/2024\/07\/pexels-anntarazevich-6560282-1366x2048.jpg 1366w\" sizes=\"auto, (max-width: 1707px) 100vw, 1707px\" \/><\/figure>\n\n\n\n<h5 class=\"wp-block-heading has-text-align-center has-text-color has-cinzel-decorative-font-family\" style=\"color:#372915;font-size:clamp(1.044rem, 1.044rem + ((1vw - 0.2rem) * 1.029), 1.61rem);font-style:normal;font-weight:700;line-height:1.4;text-transform:capitalize\">Massage Balinais<\/h5>\n<\/div>\n\n\n\n<div class=\"wp-block-group has-global-padding is-layout-constrained wp-container-core-group-is-layout-4f9f0532 wp-block-group-is-layout-constrained\">\n<p class=\"has-text-align-center has-text-color\" style=\"color:#252525;margin-top:0rem;font-size:clamp(0.875rem, 0.875rem + ((1vw - 0.2rem) * 0.409), 1.1rem);font-style:normal;font-weight:400;line-height:1.5\">D\u00e9couvrez le massage balinais traditionnel, un m\u00e9lange harmonieux d&rsquo;acupression, de roulement de la peau et de mouvements fermes et douxassoci\u00e9s \u00e0 de l&rsquo;huile chaude.<\/p>\n\n\n\n<p class=\"has-text-align-center has-text-color\" style=\"color:#252525;margin-top:0rem;font-size:clamp(0.875rem, 0.875rem + ((1vw - 0.2rem) * 0.409), 1.1rem);font-style:normal;font-weight:400;line-height:1.5\">.<\/p>\n<\/div>\n<\/div>\n\n\n\n<div class=\"wp-block-column has-global-padding is-layout-constrained wp-container-core-column-is-layout-a3af4fe5 wp-block-column-is-layout-constrained\" style=\"padding-bottom:2rem\">\n<div class=\"wp-block-group has-global-padding is-layout-constrained wp-container-core-group-is-layout-668d2085 wp-block-group-is-layout-constrained\">\n<figure class=\"wp-block-image aligncenter size-full is-resized has-custom-border is-style-rounded\"><img loading=\"lazy\" decoding=\"async\" width=\"848\" height=\"1280\" src=\"https:\/\/balisense.fr\/wp-content\/uploads\/2024\/07\/massage-therapy-1584711_1280-1.jpg\" alt=\"\" class=\"wp-image-166\" style=\"border-radius:30px;width:290px\" srcset=\"https:\/\/balisense.fr\/wp-content\/uploads\/2024\/07\/massage-therapy-1584711_1280-1.jpg 848w, https:\/\/balisense.fr\/wp-content\/uploads\/2024\/07\/massage-therapy-1584711_1280-1-199x300.jpg 199w, https:\/\/balisense.fr\/wp-content\/uploads\/2024\/07\/massage-therapy-1584711_1280-1-678x1024.jpg 678w, https:\/\/balisense.fr\/wp-content\/uploads\/2024\/07\/massage-therapy-1584711_1280-1-768x1159.jpg 768w\" sizes=\"auto, (max-width: 848px) 100vw, 848px\" \/><\/figure>\n\n\n\n<h5 class=\"wp-block-heading has-text-align-center has-text-color has-cinzel-decorative-font-family\" style=\"color:#372915;font-size:clamp(1.044rem, 1.044rem + ((1vw - 0.2rem) * 1.029), 1.61rem);font-style:normal;font-weight:700;line-height:1.4;text-transform:capitalize\">massage cr\u00e2nien<\/h5>\n<\/div>\n\n\n\n<div class=\"wp-block-group has-global-padding is-content-justification-center is-layout-constrained wp-container-core-group-is-layout-b15c80d6 wp-block-group-is-layout-constrained\">\n<p class=\"has-text-align-center has-text-color has-cinzel-decorative-font-family\" style=\"color:#252525;margin-top:0rem;font-size:clamp(0.875rem, 0.875rem + ((1vw - 0.2rem) * 0.409), 1.1rem);font-style:normal;font-weight:400\">D\u00e9tendez-vous avec notre massage de la t\u00eate d&rsquo;aromath\u00e9rapie, utilisant des huiles essentielles pour favoriser la relaxation, soulager le stress et favoriser la croissance des cheveux.<\/p>\n<\/div>\n<\/div>\n\n\n\n<div class=\"wp-block-column has-global-padding is-content-justification-center is-layout-constrained wp-container-core-column-is-layout-412b4476 wp-block-column-is-layout-constrained\" style=\"padding-bottom:2rem\">\n<div class=\"wp-block-group has-global-padding is-layout-constrained wp-container-core-group-is-layout-668d2085 wp-block-group-is-layout-constrained\">\n<figure class=\"wp-block-image aligncenter size-full is-resized has-custom-border is-style-rounded\"><img loading=\"lazy\" decoding=\"async\" width=\"1709\" height=\"2560\" src=\"https:\/\/balisense.fr\/wp-content\/uploads\/2024\/07\/pexels-arina-krasnikova-6664045-1-scaled.jpg\" alt=\"\" class=\"wp-image-164\" style=\"border-radius:30px;width:290px\" srcset=\"https:\/\/balisense.fr\/wp-content\/uploads\/2024\/07\/pexels-arina-krasnikova-6664045-1-scaled.jpg 1709w, https:\/\/balisense.fr\/wp-content\/uploads\/2024\/07\/pexels-arina-krasnikova-6664045-1-200x300.jpg 200w, https:\/\/balisense.fr\/wp-content\/uploads\/2024\/07\/pexels-arina-krasnikova-6664045-1-683x1024.jpg 683w, https:\/\/balisense.fr\/wp-content\/uploads\/2024\/07\/pexels-arina-krasnikova-6664045-1-768x1151.jpg 768w, https:\/\/balisense.fr\/wp-content\/uploads\/2024\/07\/pexels-arina-krasnikova-6664045-1-1025x1536.jpg 1025w, https:\/\/balisense.fr\/wp-content\/uploads\/2024\/07\/pexels-arina-krasnikova-6664045-1-1367x2048.jpg 1367w\" sizes=\"auto, (max-width: 1709px) 100vw, 1709px\" \/><\/figure>\n\n\n\n<h5 class=\"wp-block-heading has-text-align-center has-text-color has-cinzel-decorative-font-family\" style=\"color:#372915;font-size:clamp(1.044rem, 1.044rem + ((1vw - 0.2rem) * 1.029), 1.61rem);font-style:normal;font-weight:700;line-height:1.4;text-transform:capitalize\">Massage du visage<\/h5>\n<\/div>\n\n\n\n<div class=\"wp-block-group has-global-padding is-layout-constrained wp-container-core-group-is-layout-4f9f0532 wp-block-group-is-layout-constrained\">\n<p class=\"has-text-align-center has-text-color\" style=\"color:#252525;margin-top:0rem;font-size:clamp(0.875rem, 0.875rem + ((1vw - 0.2rem) * 0.409), 1.1rem);font-style:normal;font-weight:400;line-height:1.5\">Revitalisez votre peau avec notre luxueux massage du visage, laissant votre peau douce, lisse et \u00e9clatante.<\/p>\n<\/div>\n<\/div>\n<\/div>\n<\/div>\n<\/div>\n\n\n\n<section class=\"wp-block-group alignfull has-text-color has-background has-global-padding is-layout-constrained wp-container-core-group-is-layout-38ad39fd wp-block-group-is-layout-constrained\" style=\"color:#03081e;background-color:#fff6ea;margin-top:0px;padding-top:5.01rem;padding-right:1rem;padding-bottom:5.5rem;padding-left:1rem;font-size:clamp(0.875rem, 0.875rem + ((1vw - 0.2rem) * 0.464), 1.13rem);font-style:normal;font-weight:400;line-height:1.4\">\n<div class=\"wp-block-columns is-layout-flex wp-container-core-columns-is-layout-db2df21c wp-block-columns-is-layout-flex\" style=\"margin-bottom:0px\">\n<div class=\"wp-block-column has-global-padding is-content-justification-left is-layout-constrained wp-container-core-column-is-layout-12dd3699 wp-block-column-is-layout-constrained\" style=\"flex-basis:45%\">\n<figure class=\"wp-block-image aligncenter size-full is-resized has-custom-border is-style-rounded\"><img loading=\"lazy\" decoding=\"async\" width=\"1280\" height=\"1159\" src=\"https:\/\/balisense.fr\/wp-content\/uploads\/2024\/07\/wellness-185168_1280.jpg\" alt=\"\" class=\"wp-image-189\" style=\"border-radius:30px;width:446px\" srcset=\"https:\/\/balisense.fr\/wp-content\/uploads\/2024\/07\/wellness-185168_1280.jpg 1280w, https:\/\/balisense.fr\/wp-content\/uploads\/2024\/07\/wellness-185168_1280-300x272.jpg 300w, https:\/\/balisense.fr\/wp-content\/uploads\/2024\/07\/wellness-185168_1280-1024x927.jpg 1024w, https:\/\/balisense.fr\/wp-content\/uploads\/2024\/07\/wellness-185168_1280-768x695.jpg 768w\" sizes=\"auto, (max-width: 1280px) 100vw, 1280px\" \/><\/figure>\n<\/div>\n\n\n\n<div class=\"wp-block-column is-layout-flow wp-block-column-is-layout-flow\">\n<div class=\"wp-block-group is-vertical is-content-justification-center is-nowrap is-layout-flex wp-container-core-group-is-layout-f06bbd56 wp-block-group-is-layout-flex wp-container-1 is-position-sticky\" style=\"min-height:100%\">\n<div class=\"wp-block-group has-global-padding is-content-justification-center is-layout-constrained wp-container-core-group-is-layout-b15c80d6 wp-block-group-is-layout-constrained\">\n<h3 class=\"wp-block-heading has-text-align-center has-text-color has-cinzel-decorative-font-family\" style=\"color:#372915;margin-top:0.5rem;margin-bottom:1.01rem;font-size:clamp(1.556rem, 1.556rem + ((1vw - 0.2rem) * 1.916), 2.61rem);font-style:normal;font-weight:400;letter-spacing:0px;line-height:1.3;text-transform:capitalize\"><strong>Balisense<\/strong><\/h3>\n\n\n\n<p class=\"has-text-align-center has-text-color\" style=\"color:#03081e;margin-top:0rem;font-size:clamp(0.875rem, 0.875rem + ((1vw - 0.2rem) * 0.609), 1.21rem);font-style:normal;font-weight:400;line-height:1.6\">Balisense est un institut bien-\u00eatre d\u00e9di\u00e9 \u00e0 la d\u00e9tente et au massage Indon\u00e9siennes. Afin d\u2019entretenir votre \u00e9tat de sant\u00e9 et prendre soin de votre corps, l\u2019institut de massage vous propose ses prestations. Situ\u00e9 \u00e0 Saint Michel sur Orge (91240) plus pr\u00e9cis\u00e9ment au 63Ter Rue D\u2019enfer. Il est \u00e0 proximit\u00e9 de la gare RER C et places de parking priv\u00e9es. Pour votre plus grande satisfaction, Balisense est ouvert pour vous recevoir uniquement pour femmes sur rendez-vous.<\/p>\n<\/div>\n<\/div>\n<\/div>\n<\/div>\n<\/section>\n\n\n\n<section class=\"wp-block-group alignfull has-background has-global-padding is-layout-constrained wp-container-core-group-is-layout-86391ca3 wp-block-group-is-layout-constrained\" style=\"background-color:#fcf9f5;padding-top:6.5%;padding-right:1rem;padding-bottom:6.5%;padding-left:1rem\">\n<div class=\"wp-block-columns is-layout-flex wp-container-core-columns-is-layout-174574fb wp-block-columns-is-layout-flex\">\n<div class=\"wp-block-column is-layout-flow wp-block-column-is-layout-flow\" style=\"flex-basis:32%\">\n<figure class=\"wp-block-image size-full\"><img decoding=\"async\" src=\"https:\/\/gb1.gowebexperts.com\/wp-content\/uploads\/2023\/11\/stars1.png\" alt=\"\" class=\"wp-image-61\"\/><\/figure>\n\n\n\n<div class=\"wp-block-group alignwide has-global-padding is-layout-constrained wp-block-group-is-layout-constrained\" style=\"padding-bottom:3%\">\n<h3 class=\"wp-block-heading has-text-align-left has-text-color has-link-color has-cormorant-font-family wp-elements-9644c86f44ef9a5a1a9bdfc90c735739\" style=\"color:#372915;font-size:clamp(1.653rem, 1.653rem + ((1vw - 0.2rem) * 2.104), 2.81rem);font-style:normal;font-weight:400;line-height:1.0\">Testimonials<\/h3>\n<\/div>\n<\/div>\n\n\n\n<div class=\"wp-block-column is-layout-flow wp-block-column-is-layout-flow\" style=\"flex-basis:60%\">\n<div class=\"wp-block-group has-global-padding is-layout-constrained wp-container-core-group-is-layout-1759c160 wp-block-group-is-layout-constrained\" style=\"border-bottom-color:#8d8d8d;border-bottom-width:1px;padding-bottom:2rem\">\n<p class=\"has-text-color has-link-color has-jost-font-family wp-elements-3bfc153752e09db53319e4b8079f6e70\" style=\"color:#000000;font-size:clamp(0.875rem, 0.875rem + ((1vw - 0.2rem) * 0.682), 1.25rem);\">Massage du cuir chevelu et de la nuque, tr\u00e8s tonique et tr\u00e8s agr\u00e9able. Merci Veridiana.<\/p>\n\n\n\n<h6 class=\"wp-block-heading has-text-color has-link-color has-cormorant-font-family wp-elements-d17edf255f4faf529d11f525894d7445\" style=\"color:#000000;font-size:clamp(1.044rem, 1.044rem + ((1vw - 0.2rem) * 1.029), 1.61rem);font-style:normal;font-weight:500;text-transform:capitalize\">&#8211; Annie <\/h6>\n<\/div>\n\n\n\n<div class=\"wp-block-group has-global-padding is-layout-constrained wp-container-core-group-is-layout-1759c160 wp-block-group-is-layout-constrained\" style=\"border-bottom-color:#8d8d8d;border-bottom-width:1px;padding-bottom:2rem\">\n<p class=\"has-text-color has-link-color has-jost-font-family wp-elements-c107e5efcaeb0c496a189a43a14286be\" style=\"color:#000000;font-size:clamp(0.875rem, 0.875rem + ((1vw - 0.2rem) * 0.682), 1.25rem);\">Excellente exp\u00e9rience ! A refaire sans mod\u00e9ration !<\/p>\n\n\n\n<h6 class=\"wp-block-heading has-text-color has-link-color has-cormorant-font-family wp-elements-1babfc308f31a414105c7c58015ad5be\" style=\"color:#000000;font-size:clamp(1.044rem, 1.044rem + ((1vw - 0.2rem) * 1.029), 1.61rem);font-style:normal;font-weight:500;text-transform:capitalize\">&#8211; Tatsiana<\/h6>\n<\/div>\n\n\n\n<div class=\"wp-block-group has-global-padding is-layout-constrained wp-container-core-group-is-layout-1759c160 wp-block-group-is-layout-constrained\" style=\"border-bottom-color:#8d8d8d;border-bottom-width:1px;padding-bottom:2rem\">\n<p class=\"has-text-color has-link-color has-jost-font-family wp-elements-af23c30701c1c3b25855f3ae2b7fe722\" style=\"color:#000000;font-size:clamp(0.875rem, 0.875rem + ((1vw - 0.2rem) * 0.682), 1.25rem);\">Top ca ma bien d\u00e9tendu et enlevez tous les points j\u2019avais tr\u00e8s recommand\u00e9 merci encore Veridiana.<\/p>\n\n\n\n<h6 class=\"wp-block-heading has-text-color has-link-color has-cormorant-font-family wp-elements-ba790615b1224d97640233406d79ecde\" style=\"color:#000000;font-size:clamp(1.044rem, 1.044rem + ((1vw - 0.2rem) * 1.029), 1.61rem);font-style:normal;font-weight:500;text-transform:capitalize\">&#8211; Juliana<\/h6>\n<\/div>\n<\/div>\n<\/div>\n<\/section>\n\n\n\n<section class=\"wp-block-cover alignfull is-light\" style=\"margin-top:0px;padding-bottom:12.51rem;min-height:650px;aspect-ratio:unset;\"><img loading=\"lazy\" decoding=\"async\" width=\"1280\" height=\"854\" class=\"wp-block-cover__image-background wp-image-291\" alt=\"\" src=\"https:\/\/balisense.fr\/wp-content\/uploads\/2024\/07\/spa-5382250_1280-1.jpg\" style=\"object-position:50% 71%\" data-object-fit=\"cover\" data-object-position=\"50% 71%\" srcset=\"https:\/\/balisense.fr\/wp-content\/uploads\/2024\/07\/spa-5382250_1280-1.jpg 1280w, https:\/\/balisense.fr\/wp-content\/uploads\/2024\/07\/spa-5382250_1280-1-300x200.jpg 300w, https:\/\/balisense.fr\/wp-content\/uploads\/2024\/07\/spa-5382250_1280-1-1024x683.jpg 1024w, https:\/\/balisense.fr\/wp-content\/uploads\/2024\/07\/spa-5382250_1280-1-768x512.jpg 768w\" sizes=\"auto, (max-width: 1280px) 100vw, 1280px\" \/><span aria-hidden=\"true\" class=\"wp-block-cover__background has-background-dim-30 has-background-dim\" style=\"background-color:#9a7f61\"><\/span><div class=\"wp-block-cover__inner-container has-global-padding is-layout-constrained wp-container-core-cover-is-layout-19e6744e wp-block-cover-is-layout-constrained\">\n<div class=\"wp-block-group alignfull has-text-color has-global-padding is-layout-constrained wp-container-core-group-is-layout-6f61d7e7 wp-block-group-is-layout-constrained\" style=\"color:#252525;margin-top:0px;padding-top:0rem;padding-right:1rem;padding-bottom:0rem;padding-left:1rem;font-size:clamp(0.875rem, 0.875rem + ((1vw - 0.2rem) * 0.464), 1.13rem);font-style:normal;font-weight:400;line-height:1.4\">\n<div class=\"wp-block-group is-vertical is-content-justification-center is-layout-flex wp-container-core-group-is-layout-b6c1f246 wp-block-group-is-layout-flex\">\n<div class=\"wp-block-group has-global-padding is-layout-constrained wp-container-core-group-is-layout-a099c240 wp-block-group-is-layout-constrained\">\n<h2 class=\"wp-block-heading has-text-align-center has-text-color has-cinzel-decorative-font-family\" style=\"color:#372915;margin-bottom:1.11rem;font-size:clamp(1.556rem, 1.556rem + ((1vw - 0.2rem) * 1.916), 2.61rem);font-style:normal;font-weight:400;line-height:1.2;text-transform:capitalize\"><strong>Contactez-nous<\/strong><\/h2>\n\n\n\n<p class=\"has-text-align-center\" style=\"font-size:clamp(16.293px, 1.018rem + ((1vw - 3.2px) * 0.989), 25px);\">Contactez-nous d\u00e8s aujourd&rsquo;hui et faites le premier pas vers une exp\u00e9rience heureuse et rajeunissante.<\/p>\n\n\n\n<div class=\"wp-block-group is-vertical is-content-justification-stretch is-layout-flex wp-container-core-group-is-layout-be82aac6 wp-block-group-is-layout-flex\" style=\"margin-top:0rem;padding-right:0px;padding-left:0px\">\n<div class=\"wp-block-group has-global-padding is-content-justification-center is-layout-constrained wp-container-core-group-is-layout-0638dde4 wp-block-group-is-layout-constrained\" style=\"margin-top:0px\">\n<div class=\"wp-block-buttons is-horizontal is-content-justification-right is-layout-flex wp-container-core-buttons-is-layout-1b0e492f wp-block-buttons-is-layout-flex\" style=\"margin-top:2.21rem\">\n<div class=\"wp-block-button has-custom-width wp-block-button__width-100 is-style-fill\"><a class=\"wp-block-button__link has-text-color has-background has-border-color has-work-sans-regular-font-family has-custom-font-size wp-element-button\" href=\"https:\/\/balisense.fr\/index.php\/contact\/\" style=\"border-color:#041d55;border-style:solid;border-width:1px;border-radius:2.5rem;color:#372915;background-color:#ffffff;padding-top:1.1rem;padding-right:0.81rem;padding-bottom:1.1rem;padding-left:0.81rem;font-size:clamp(0.875rem, 0.875rem + ((1vw - 0.2rem) * 0.609), 1.21rem);font-style:normal;font-weight:400;line-height:1;text-transform:capitalize\">R\u00e9servez-nous<\/a><\/div>\n<\/div>\n<\/div>\n<\/div>\n<\/div>\n<\/div>\n<\/div>\n<\/div><\/section>\n","protected":false},"excerpt":{"rendered":"<p>Nos Services Massage Balinais D\u00e9couvrez le massage balinais traditionnel, un m\u00e9lange harmonieux d&rsquo;acupression, de roulement de la peau et de mouvements fermes et douxassoci\u00e9s \u00e0 de l&rsquo;huile chaude. . massage cr\u00e2nien D\u00e9tendez-vous avec notre massage de la t\u00eate d&rsquo;aromath\u00e9rapie, utilisant des huiles essentielles pour favoriser la relaxation, soulager le stress et favoriser la croissance des [&hellip;]<\/p>\n","protected":false},"author":1,"featured_media":0,"parent":0,"menu_order":0,"comment_status":"closed","ping_status":"closed","template":"","meta":{"footnotes":""},"class_list":["post-118","page","type-page","status-publish","hentry"],"_links":{"self":[{"href":"https:\/\/balisense.fr\/index.php\/wp-json\/wp\/v2\/pages\/118","targetHints":{"allow":["GET"]}}],"collection":[{"href":"https:\/\/balisense.fr\/index.php\/wp-json\/wp\/v2\/pages"}],"about":[{"href":"https:\/\/balisense.fr\/index.php\/wp-json\/wp\/v2\/types\/page"}],"author":[{"embeddable":true,"href":"https:\/\/balisense.fr\/index.php\/wp-json\/wp\/v2\/users\/1"}],"replies":[{"embeddable":true,"href":"https:\/\/balisense.fr\/index.php\/wp-json\/wp\/v2\/comments?post=118"}],"version-history":[{"count":35,"href":"https:\/\/balisense.fr\/index.php\/wp-json\/wp\/v2\/pages\/118\/revisions"}],"predecessor-version":[{"id":479,"href":"https:\/\/balisense.fr\/index.php\/wp-json\/wp\/v2\/pages\/118\/revisions\/479"}],"wp:attachment":[{"href":"https:\/\/balisense.fr\/index.php\/wp-json\/wp\/v2\/media?parent=118"}],"curies":[{"name":"wp","href":"https:\/\/api.w.org\/{rel}","templated":true}]}}