{"id":124,"date":"2024-07-04T00:54:13","date_gmt":"2024-07-03T22:54:13","guid":{"rendered":"https:\/\/balisense.fr\/?page_id=124"},"modified":"2025-06-29T01:26:45","modified_gmt":"2025-06-28T23:26:45","slug":"nos-services","status":"publish","type":"page","link":"https:\/\/balisense.fr\/index.php\/nos-services\/","title":{"rendered":"Nos Services"},"content":{"rendered":"\n<div class=\"wp-block-cover alignfull is-light\" style=\"padding-top:2%;min-height:30rem;aspect-ratio:unset;\"><img loading=\"lazy\" decoding=\"async\" width=\"1920\" height=\"1278\" class=\"wp-block-cover__image-background wp-image-237\" alt=\"\" src=\"https:\/\/balisense.fr\/wp-content\/uploads\/2024\/07\/relax-686392_1920-5.jpg\" style=\"object-position:50% 29%\" data-object-fit=\"cover\" data-object-position=\"50% 29%\" srcset=\"https:\/\/balisense.fr\/wp-content\/uploads\/2024\/07\/relax-686392_1920-5.jpg 1920w, https:\/\/balisense.fr\/wp-content\/uploads\/2024\/07\/relax-686392_1920-5-300x200.jpg 300w, https:\/\/balisense.fr\/wp-content\/uploads\/2024\/07\/relax-686392_1920-5-1024x682.jpg 1024w, https:\/\/balisense.fr\/wp-content\/uploads\/2024\/07\/relax-686392_1920-5-768x511.jpg 768w, https:\/\/balisense.fr\/wp-content\/uploads\/2024\/07\/relax-686392_1920-5-1536x1022.jpg 1536w\" sizes=\"auto, (max-width: 1920px) 100vw, 1920px\" \/><span aria-hidden=\"true\" class=\"wp-block-cover__background has-background-dim-30 has-background-dim\" style=\"background-color:#eadba7\"><\/span><div class=\"wp-block-cover__inner-container has-global-padding is-layout-constrained wp-container-core-cover-is-layout-ee51f2d2 wp-block-cover-is-layout-constrained\">\n<div class=\"wp-block-group alignwide is-vertical is-content-justification-center is-layout-flex wp-container-core-group-is-layout-5e763914 wp-block-group-is-layout-flex\" style=\"min-height:8rem\">\n<div class=\"wp-block-group has-global-padding is-layout-constrained wp-container-core-group-is-layout-bea02a06 wp-block-group-is-layout-constrained\">\n<h2 class=\"wp-block-heading has-text-align-center has-text-color has-cinzel-decorative-font-family\" style=\"color:#020202;margin-top:0rem;margin-bottom:1.01rem;font-size:clamp(1.79rem, 1.79rem + ((1vw - 0.2rem) * 2.382), 3.1rem);font-style:normal;font-weight:700;line-height:1;text-transform:none\">Tous les massages sont r\u00e9alis\u00e9s avec de l&rsquo;huile chaude et du beurre naturel<\/h2>\n<\/div>\n<\/div>\n<\/div><\/div>\n\n\n\n<section class=\"wp-block-group alignfull has-text-color has-background has-global-padding is-layout-constrained wp-container-core-group-is-layout-4252d6ba wp-block-group-is-layout-constrained\" style=\"color:#03081e;background-color:#f1f0e6;margin-top:0px;padding-top:6.51rem;padding-right:1rem;padding-bottom:5.5rem;padding-left:1rem;font-size:clamp(0.875rem, 0.875rem + ((1vw - 0.2rem) * 0.464), 1.13rem);font-style:normal;font-weight:400;line-height:1.4\">\n<div class=\"wp-block-columns is-layout-flex wp-container-core-columns-is-layout-db2df21c wp-block-columns-is-layout-flex\" style=\"margin-bottom:0px\">\n<div class=\"wp-block-column has-global-padding is-content-justification-left is-layout-constrained wp-container-core-column-is-layout-12dd3699 wp-block-column-is-layout-constrained\" style=\"flex-basis:50%\">\n<figure class=\"wp-block-image aligncenter size-full is-resized has-custom-border is-style-rounded\"><img loading=\"lazy\" decoding=\"async\" width=\"1280\" height=\"853\" src=\"https:\/\/balisense.fr\/wp-content\/uploads\/2024\/07\/wellness-5314291_1280.jpg\" alt=\"\" class=\"wp-image-282\" style=\"border-radius:30px;width:520px\" srcset=\"https:\/\/balisense.fr\/wp-content\/uploads\/2024\/07\/wellness-5314291_1280.jpg 1280w, https:\/\/balisense.fr\/wp-content\/uploads\/2024\/07\/wellness-5314291_1280-300x200.jpg 300w, https:\/\/balisense.fr\/wp-content\/uploads\/2024\/07\/wellness-5314291_1280-1024x682.jpg 1024w, https:\/\/balisense.fr\/wp-content\/uploads\/2024\/07\/wellness-5314291_1280-768x512.jpg 768w\" sizes=\"auto, (max-width: 1280px) 100vw, 1280px\" \/><\/figure>\n<\/div>\n\n\n\n<div class=\"wp-block-column is-layout-flow wp-block-column-is-layout-flow\">\n<div class=\"wp-block-group is-vertical is-content-justification-left is-layout-flex wp-container-core-group-is-layout-c5d44cae wp-block-group-is-layout-flex\" style=\"min-height:100%\">\n<div class=\"wp-block-group has-global-padding is-content-justification-center is-layout-constrained wp-container-core-group-is-layout-b15c80d6 wp-block-group-is-layout-constrained\">\n<h3 class=\"wp-block-heading has-text-align-left has-text-color has-cinzel-decorative-font-family\" style=\"color:#372915;margin-top:0.5rem;margin-bottom:1.01rem;font-size:clamp(1.044rem, 1.044rem + ((1vw - 0.2rem) * 1.029), 1.61rem);font-style:normal;font-weight:400;letter-spacing:0px;line-height:1.3;text-transform:capitalize\"><strong>Massage du visage &#8211; Pijat muka<\/strong> <strong>Bali<\/strong><\/h3>\n\n\n\n<p class=\"has-text-align-center has-text-color\" style=\"color:#03081e;margin-top:0rem;font-size:clamp(0.875rem, 0.875rem + ((1vw - 0.2rem) * 0.591), 1.2rem);font-style:normal;font-weight:400;line-height:1.6\">Originaire d&rsquo;Indon\u00e9sie, il associe de manouvers issues des techniques Ayurv\u00e9diques (Inde) et Chinoises. Des p\u00e9trissages, pressions effectu\u00e9es avec les doigts. Elle permet de relaxer et d&rsquo;activer la circulation. Cr\u00e2ne, visage, nuque, haut du dos, poitrine et \u00e9paules. Avec des massages aux mouvements lents et profonds. Lib\u00e9r\u00e9 de toutes tensions et crispations, votre visage rayonne.<\/p>\n\n\n\n<p><\/p>\n\n\n\n<p class=\"has-text-align-center has-text-color\" style=\"color:#03081e;margin-top:0rem;font-size:clamp(0.875rem, 0.875rem + ((1vw - 0.2rem) * 0.591), 1.2rem);font-style:normal;font-weight:400;line-height:1.6\">45 mins 45\u20ac<\/p>\n<\/div>\n<\/div>\n<\/div>\n<\/div>\n<\/section>\n\n\n\n<section class=\"wp-block-group alignfull has-text-color has-global-padding is-layout-constrained wp-container-core-group-is-layout-b691706e wp-block-group-is-layout-constrained\" style=\"color:#03081e;margin-top:0px;padding-top:4.01rem;padding-right:1rem;padding-bottom:5.5rem;padding-left:1rem;font-size:clamp(0.875rem, 0.875rem + ((1vw - 0.2rem) * 0.464), 1.13rem);font-style:normal;font-weight:400;line-height:1.4\">\n<div class=\"wp-block-columns is-layout-flex wp-container-core-columns-is-layout-db2df21c wp-block-columns-is-layout-flex\" style=\"margin-bottom:0px\">\n<div class=\"wp-block-column is-layout-flow wp-block-column-is-layout-flow\">\n<div class=\"wp-block-group is-vertical is-content-justification-left is-layout-flex wp-container-core-group-is-layout-c5d44cae wp-block-group-is-layout-flex\" style=\"min-height:100%\">\n<div class=\"wp-block-group has-global-padding is-content-justification-center is-layout-constrained wp-container-core-group-is-layout-b15c80d6 wp-block-group-is-layout-constrained\">\n<h3 class=\"wp-block-heading has-text-align-left has-text-color has-cinzel-decorative-font-family\" style=\"color:#372915;margin-top:0.5rem;margin-bottom:1.01rem;font-size:clamp(1.044rem, 1.044rem + ((1vw - 0.2rem) * 1.029), 1.61rem);font-style:normal;font-weight:400;letter-spacing:0px;line-height:1.3;text-transform:capitalize\"><strong>Massage cr\u00e2nien &#8211; pijat kepala Jawa<\/strong><\/h3>\n\n\n\n<p class=\"has-text-align-center has-text-color\" style=\"color:#03081e;margin-top:0rem;font-size:clamp(0.875rem, 0.875rem + ((1vw - 0.2rem) * 0.591), 1.2rem);font-style:normal;font-weight:400;line-height:1.6\">Empreint de tradition, le massage cr\u00e2nien balinais est un massage de la t\u00eate, trap\u00e8ze et cuir chevelu pour une d\u00e9tente profonde. Avec de l&rsquo;huile et du beurre naturels qui aideront \u00e0 r\u00e9\u00e9quilibrer l&rsquo;\u00e9tat du cuir chevelu. Ce massage qui entra\u00eenera une meilleure circulation sanguine pour un renouvellement cellulaire et favorisera la croissance des cheveux.<\/p>\n\n\n\n<p><\/p>\n\n\n\n<p class=\"has-text-align-center has-text-color\" style=\"color:#03081e;margin-top:0rem;font-size:clamp(0.875rem, 0.875rem + ((1vw - 0.2rem) * 0.591), 1.2rem);font-style:normal;font-weight:400;line-height:1.6\">45 mins 40\u20ac<\/p>\n<\/div>\n<\/div>\n<\/div>\n\n\n\n<div class=\"wp-block-column has-global-padding is-content-justification-left is-layout-constrained wp-container-core-column-is-layout-12dd3699 wp-block-column-is-layout-constrained\" style=\"flex-basis:50%\">\n<figure class=\"wp-block-image aligncenter size-full is-resized has-custom-border is-style-rounded\"><img loading=\"lazy\" decoding=\"async\" width=\"1280\" height=\"853\" src=\"https:\/\/balisense.fr\/wp-content\/uploads\/2024\/07\/massage-therapy-1612308_1280.jpg\" alt=\"\" class=\"wp-image-177\" style=\"border-radius:30px;width:520px\" srcset=\"https:\/\/balisense.fr\/wp-content\/uploads\/2024\/07\/massage-therapy-1612308_1280.jpg 1280w, https:\/\/balisense.fr\/wp-content\/uploads\/2024\/07\/massage-therapy-1612308_1280-300x200.jpg 300w, https:\/\/balisense.fr\/wp-content\/uploads\/2024\/07\/massage-therapy-1612308_1280-1024x682.jpg 1024w, https:\/\/balisense.fr\/wp-content\/uploads\/2024\/07\/massage-therapy-1612308_1280-768x512.jpg 768w\" sizes=\"auto, (max-width: 1280px) 100vw, 1280px\" \/><\/figure>\n<\/div>\n<\/div>\n<\/section>\n\n\n\n<div class=\"wp-block-group alignfull has-global-padding is-layout-constrained wp-block-group-is-layout-constrained\">\n<section class=\"wp-block-group alignfull has-text-color has-background has-global-padding is-layout-constrained wp-container-core-group-is-layout-b691706e wp-block-group-is-layout-constrained\" style=\"color:#03081e;background-color:#f1f0e6;margin-top:0px;padding-top:4.01rem;padding-right:1rem;padding-bottom:5.5rem;padding-left:1rem;font-size:clamp(0.875rem, 0.875rem + ((1vw - 0.2rem) * 0.464), 1.13rem);font-style:normal;font-weight:400;line-height:1.4\">\n<div class=\"wp-block-columns is-layout-flex wp-container-core-columns-is-layout-db2df21c wp-block-columns-is-layout-flex\" style=\"margin-bottom:0px\">\n<div class=\"wp-block-column has-global-padding is-content-justification-left is-layout-constrained wp-container-core-column-is-layout-12dd3699 wp-block-column-is-layout-constrained\" style=\"flex-basis:50%\">\n<figure class=\"wp-block-image aligncenter size-full is-resized has-custom-border is-style-rounded\"><img loading=\"lazy\" decoding=\"async\" width=\"1280\" height=\"853\" src=\"https:\/\/balisense.fr\/wp-content\/uploads\/2024\/07\/wellness-1021131_1280.jpg\" alt=\"\" class=\"wp-image-178\" style=\"border-radius:30px;width:520px\" srcset=\"https:\/\/balisense.fr\/wp-content\/uploads\/2024\/07\/wellness-1021131_1280.jpg 1280w, https:\/\/balisense.fr\/wp-content\/uploads\/2024\/07\/wellness-1021131_1280-300x200.jpg 300w, https:\/\/balisense.fr\/wp-content\/uploads\/2024\/07\/wellness-1021131_1280-1024x682.jpg 1024w, https:\/\/balisense.fr\/wp-content\/uploads\/2024\/07\/wellness-1021131_1280-768x512.jpg 768w\" sizes=\"auto, (max-width: 1280px) 100vw, 1280px\" \/><\/figure>\n<\/div>\n\n\n\n<div class=\"wp-block-column is-layout-flow wp-block-column-is-layout-flow\">\n<div class=\"wp-block-group is-vertical is-content-justification-left is-layout-flex wp-container-core-group-is-layout-c5d44cae wp-block-group-is-layout-flex\" style=\"min-height:100%\">\n<div class=\"wp-block-group has-global-padding is-content-justification-center is-layout-constrained wp-container-core-group-is-layout-b15c80d6 wp-block-group-is-layout-constrained\">\n<h3 class=\"wp-block-heading has-text-align-center has-text-color has-cinzel-decorative-font-family\" style=\"color:#372915;margin-top:0.5rem;margin-bottom:1.01rem;font-size:clamp(1.044rem, 1.044rem + ((1vw - 0.2rem) * 1.029), 1.61rem);font-style:normal;font-weight:400;letter-spacing:0px;line-height:1.3;text-transform:capitalize\"><strong>r\u00e9flexologie Plantaire &#8211; pijat kaki<\/strong><\/h3>\n\n\n\n<p class=\"has-text-align-center has-text-color\" style=\"color:#03081e;margin-top:0rem;font-size:clamp(0.875rem, 0.875rem + ((1vw - 0.2rem) * 0.591), 1.2rem);font-style:normal;font-weight:400;line-height:1.6\">La r\u00e9flexologie plantaire consiste en un massage doux de pieds r\u00e9alis\u00e9 avec les doigts par pression des zones r\u00e9flexes de la vo\u00fbte plantaire. Bien que localis\u00e9 sur les pieds et les mollets, ce massage fait ressentir des bienfaits dans le corps entier. Des flexions compl\u00e8tent ce soin pratiqu\u00e9 avec un baume qui stimule la circulation sanguine.&nbsp;<\/p>\n\n\n\n<p><\/p>\n\n\n\n<p class=\"has-text-align-center has-text-color\" style=\"color:#03081e;margin-top:0rem;font-size:clamp(0.875rem, 0.875rem + ((1vw - 0.2rem) * 0.591), 1.2rem);font-style:normal;font-weight:400;line-height:1.6\">45 mins 40\u20ac<\/p>\n<\/div>\n<\/div>\n<\/div>\n<\/div>\n<\/section>\n<\/div>\n\n\n\n<section class=\"wp-block-group alignfull has-text-color has-global-padding is-layout-constrained wp-container-core-group-is-layout-b691706e wp-block-group-is-layout-constrained\" style=\"color:#03081e;margin-top:0px;padding-top:4.01rem;padding-right:1rem;padding-bottom:5.5rem;padding-left:1rem;font-size:clamp(0.875rem, 0.875rem + ((1vw - 0.2rem) * 0.464), 1.13rem);font-style:normal;font-weight:400;line-height:1.4\">\n<div class=\"wp-block-columns is-layout-flex wp-container-core-columns-is-layout-db2df21c wp-block-columns-is-layout-flex\" style=\"margin-bottom:0px\">\n<div class=\"wp-block-column is-layout-flow wp-block-column-is-layout-flow\">\n<div class=\"wp-block-group is-vertical is-content-justification-left is-layout-flex wp-container-core-group-is-layout-c5d44cae wp-block-group-is-layout-flex\" style=\"min-height:100%\">\n<div class=\"wp-block-group has-medium-font-size has-global-padding is-content-justification-center is-layout-constrained wp-container-core-group-is-layout-b15c80d6 wp-block-group-is-layout-constrained\">\n<h3 class=\"wp-block-heading has-text-align-center has-text-color has-cinzel-decorative-font-family\" style=\"color:#372915;margin-top:0.5rem;margin-bottom:1.01rem;font-size:clamp(1.044rem, 1.044rem + ((1vw - 0.2rem) * 1.029), 1.61rem);font-style:normal;font-weight:400;letter-spacing:0px;line-height:1.3;text-transform:capitalize\"><strong>Massage Balinais &#8211; Pijat bali<\/strong><\/h3>\n\n\n\n<p class=\"has-text-align-center\">Une combinaison parfaite de techniques ayurv\u00e9diques et chinoises, intense mais relaxante. Consiste en de longs mouvements de lissage et de frictions, notamment sur les points m\u00e9ridiens. C&rsquo;est un massage complet, agissant et profond. Associ\u00e9 aux bienfaits de l&rsquo;aromatherapie de l&rsquo;huile essentielles pour un vrai voyage Balinais. <\/p>\n\n\n\n<p class=\"has-text-align-center\">60 mins 50\u20ac<\/p>\n<\/div>\n<\/div>\n<\/div>\n\n\n\n<div class=\"wp-block-column has-global-padding is-content-justification-left is-layout-constrained wp-container-core-column-is-layout-12dd3699 wp-block-column-is-layout-constrained\" style=\"flex-basis:50%\">\n<figure class=\"wp-block-image aligncenter size-full is-resized has-custom-border is-style-rounded\"><img loading=\"lazy\" decoding=\"async\" width=\"1280\" height=\"854\" src=\"https:\/\/balisense.fr\/wp-content\/uploads\/2024\/07\/spa-5382250_1280.jpg\" alt=\"\" class=\"wp-image-179\" style=\"border-radius:30px;width:520px\" srcset=\"https:\/\/balisense.fr\/wp-content\/uploads\/2024\/07\/spa-5382250_1280.jpg 1280w, https:\/\/balisense.fr\/wp-content\/uploads\/2024\/07\/spa-5382250_1280-300x200.jpg 300w, https:\/\/balisense.fr\/wp-content\/uploads\/2024\/07\/spa-5382250_1280-1024x683.jpg 1024w, https:\/\/balisense.fr\/wp-content\/uploads\/2024\/07\/spa-5382250_1280-768x512.jpg 768w\" sizes=\"auto, (max-width: 1280px) 100vw, 1280px\" \/><\/figure>\n<\/div>\n<\/div>\n<\/section>\n\n\n\n<section class=\"wp-block-group alignfull has-text-color has-background has-global-padding is-layout-constrained wp-container-core-group-is-layout-4252d6ba wp-block-group-is-layout-constrained\" style=\"color:#03081e;background-color:#f1f0e6;margin-top:0px;padding-top:6.51rem;padding-right:1rem;padding-bottom:5.5rem;padding-left:1rem;font-size:clamp(0.875rem, 0.875rem + ((1vw - 0.2rem) * 0.464), 1.13rem);font-style:normal;font-weight:400;line-height:1.4\">\n<div class=\"wp-block-columns is-layout-flex wp-container-core-columns-is-layout-db2df21c wp-block-columns-is-layout-flex\" style=\"margin-bottom:0px\">\n<div class=\"wp-block-column has-global-padding is-content-justification-left is-layout-constrained wp-container-core-column-is-layout-12dd3699 wp-block-column-is-layout-constrained\" style=\"flex-basis:50%\">\n<figure class=\"wp-block-image aligncenter size-full is-resized has-custom-border is-style-rounded\"><img loading=\"lazy\" decoding=\"async\" width=\"1280\" height=\"845\" src=\"https:\/\/balisense.fr\/wp-content\/uploads\/2024\/07\/spices-3356768_1280.jpg\" alt=\"\" class=\"wp-image-181\" style=\"border-radius:30px;width:520px\" srcset=\"https:\/\/balisense.fr\/wp-content\/uploads\/2024\/07\/spices-3356768_1280.jpg 1280w, https:\/\/balisense.fr\/wp-content\/uploads\/2024\/07\/spices-3356768_1280-300x198.jpg 300w, https:\/\/balisense.fr\/wp-content\/uploads\/2024\/07\/spices-3356768_1280-1024x676.jpg 1024w, https:\/\/balisense.fr\/wp-content\/uploads\/2024\/07\/spices-3356768_1280-768x507.jpg 768w\" sizes=\"auto, (max-width: 1280px) 100vw, 1280px\" \/><\/figure>\n<\/div>\n\n\n\n<div class=\"wp-block-column is-layout-flow wp-block-column-is-layout-flow\">\n<div class=\"wp-block-group is-vertical is-content-justification-left is-layout-flex wp-container-core-group-is-layout-c5d44cae wp-block-group-is-layout-flex\" style=\"min-height:100%\">\n<div class=\"wp-block-group has-global-padding is-content-justification-center is-layout-constrained wp-container-core-group-is-layout-b15c80d6 wp-block-group-is-layout-constrained\">\n<h3 class=\"wp-block-heading has-text-align-center has-text-color has-cinzel-decorative-font-family\" style=\"color:#372915;margin-top:0.5rem;margin-bottom:1.01rem;font-size:clamp(1.044rem, 1.044rem + ((1vw - 0.2rem) * 1.029), 1.61rem);font-style:normal;font-weight:400;letter-spacing:0px;line-height:1.3;text-transform:capitalize\"><strong>Massage Javanais &#8211; pijat Urut Solo<\/strong><\/h3>\n\n\n\n<p class=\"has-text-align-center\">Le massage traditionnel de l&rsquo;\u00eele de Java a pour fonction de d\u00e9tendre les muscles tendus du tissu musculaire interne. Il commence toujours par des \u00e9tirements, la pression est dure et ferme. De l&rsquo;huile chaude aux \u00e9pices est utilis\u00e9e pendant le rituel, \u00e0 base d&rsquo;ingr\u00e9dients naturels tels que le gingembre, le girofle, le cumin ou d&rsquo;eucalyptus.<\/p>\n\n\n\n<p class=\"has-text-align-center\">60 mins 50\u20ac<\/p>\n<\/div>\n<\/div>\n<\/div>\n<\/div>\n<\/section>\n\n\n\n<section class=\"wp-block-cover alignfull is-light\" style=\"margin-top:0px;padding-bottom:13.51rem;min-height:620px;aspect-ratio:unset;\"><img loading=\"lazy\" decoding=\"async\" width=\"2560\" height=\"1920\" class=\"wp-block-cover__image-background wp-image-335\" alt=\"\" src=\"https:\/\/balisense.fr\/wp-content\/uploads\/2025\/03\/IMG_20250228_182548-scaled.jpg\" style=\"object-position:100% 53%\" data-object-fit=\"cover\" data-object-position=\"100% 53%\" srcset=\"https:\/\/balisense.fr\/wp-content\/uploads\/2025\/03\/IMG_20250228_182548-scaled.jpg 2560w, https:\/\/balisense.fr\/wp-content\/uploads\/2025\/03\/IMG_20250228_182548-300x225.jpg 300w, https:\/\/balisense.fr\/wp-content\/uploads\/2025\/03\/IMG_20250228_182548-1024x768.jpg 1024w, https:\/\/balisense.fr\/wp-content\/uploads\/2025\/03\/IMG_20250228_182548-768x576.jpg 768w, https:\/\/balisense.fr\/wp-content\/uploads\/2025\/03\/IMG_20250228_182548-1536x1152.jpg 1536w, https:\/\/balisense.fr\/wp-content\/uploads\/2025\/03\/IMG_20250228_182548-2048x1536.jpg 2048w\" sizes=\"auto, (max-width: 2560px) 100vw, 2560px\" \/><span aria-hidden=\"true\" class=\"wp-block-cover__background has-background-dim-40 has-background-dim\" style=\"background-color:#e9d89b\"><\/span><div class=\"wp-block-cover__inner-container has-global-padding is-layout-constrained wp-container-core-cover-is-layout-14880c13 wp-block-cover-is-layout-constrained\">\n<div class=\"wp-block-group alignfull has-text-color has-global-padding is-layout-constrained wp-container-core-group-is-layout-6f61d7e7 wp-block-group-is-layout-constrained\" style=\"color:#252525;margin-top:0px;padding-top:0rem;padding-right:1rem;padding-bottom:0rem;padding-left:1rem;font-size:clamp(0.875rem, 0.875rem + ((1vw - 0.2rem) * 0.464), 1.13rem);font-style:normal;font-weight:400;line-height:1.4\">\n<div class=\"wp-block-group is-vertical is-content-justification-center is-layout-flex wp-container-core-group-is-layout-b6c1f246 wp-block-group-is-layout-flex\">\n<div class=\"wp-block-group has-global-padding is-layout-constrained wp-container-core-group-is-layout-a099c240 wp-block-group-is-layout-constrained\">\n<h2 class=\"wp-block-heading has-text-align-center has-text-color has-cinzel-decorative-font-family\" style=\"color:#372915;margin-bottom:1.11rem;font-size:clamp(1.648rem, 1.648rem + ((1vw - 0.2rem) * 2.095), 2.8rem);font-style:normal;font-weight:400;line-height:1.2;text-transform:capitalize\"><strong>Contact Us<\/strong><\/h2>\n\n\n\n<p class=\"has-text-align-center has-text-color has-young-serif-regular-font-family\" style=\"color:#03081e;margin-top:0rem;font-size:clamp(0.875rem, 0.875rem + ((1vw - 0.2rem) * 0.773), 1.3rem);font-style:normal;font-weight:400;line-height:1.6\">Contactez-nous pour toute question ou pour r\u00e9server votre s\u00e9ance de rajeunissement.<\/p>\n\n\n\n<div class=\"wp-block-group is-vertical is-content-justification-stretch is-layout-flex wp-container-core-group-is-layout-be82aac6 wp-block-group-is-layout-flex\" style=\"margin-top:0rem;padding-right:0px;padding-left:0px\">\n<div class=\"wp-block-group has-global-padding is-content-justification-center is-layout-constrained wp-container-core-group-is-layout-0638dde4 wp-block-group-is-layout-constrained\" style=\"margin-top:0px\">\n<div class=\"wp-block-buttons is-horizontal is-content-justification-right is-layout-flex wp-container-core-buttons-is-layout-1b0e492f wp-block-buttons-is-layout-flex\" style=\"margin-top:2.21rem\">\n<div class=\"wp-block-button has-custom-width wp-block-button__width-100 is-style-fill\"><a class=\"wp-block-button__link has-text-color has-background has-border-color has-work-sans-regular-font-family has-custom-font-size wp-element-button\" style=\"border-color:#041d55;border-style:solid;border-width:1px;border-radius:2.5rem;color:#372915;background-color:#ffffff;padding-top:1.1rem;padding-right:0.81rem;padding-bottom:1.1rem;padding-left:0.81rem;font-size:clamp(0.875rem, 0.875rem + ((1vw - 0.2rem) * 0.609), 1.21rem);font-style:normal;font-weight:400;line-height:1;text-transform:capitalize\">R\u00e9servez-nous<\/a><\/div>\n<\/div>\n<\/div>\n<\/div>\n<\/div>\n<\/div>\n<\/div>\n<\/div><\/section>\n\n\n\n<p><\/p>\n","protected":false},"excerpt":{"rendered":"<p>Massage du visage &#8211; Pijat muka Bali Originaire d&rsquo;Indon\u00e9sie, il associe de manouvers issues des techniques Ayurv\u00e9diques (Inde) et Chinoises. Des p\u00e9trissages, pressions effectu\u00e9es avec les doigts. Elle permet de relaxer et d&rsquo;activer la circulation. Cr\u00e2ne, visage, nuque, haut du dos, poitrine et \u00e9paules. Avec des massages aux mouvements lents et profonds. Lib\u00e9r\u00e9 de toutes [&hellip;]<\/p>\n","protected":false},"author":1,"featured_media":0,"parent":0,"menu_order":0,"comment_status":"closed","ping_status":"closed","template":"","meta":{"footnotes":""},"class_list":["post-124","page","type-page","status-publish","hentry"],"_links":{"self":[{"href":"https:\/\/balisense.fr\/index.php\/wp-json\/wp\/v2\/pages\/124","targetHints":{"allow":["GET"]}}],"collection":[{"href":"https:\/\/balisense.fr\/index.php\/wp-json\/wp\/v2\/pages"}],"about":[{"href":"https:\/\/balisense.fr\/index.php\/wp-json\/wp\/v2\/types\/page"}],"author":[{"embeddable":true,"href":"https:\/\/balisense.fr\/index.php\/wp-json\/wp\/v2\/users\/1"}],"replies":[{"embeddable":true,"href":"https:\/\/balisense.fr\/index.php\/wp-json\/wp\/v2\/comments?post=124"}],"version-history":[{"count":22,"href":"https:\/\/balisense.fr\/index.php\/wp-json\/wp\/v2\/pages\/124\/revisions"}],"predecessor-version":[{"id":443,"href":"https:\/\/balisense.fr\/index.php\/wp-json\/wp\/v2\/pages\/124\/revisions\/443"}],"wp:attachment":[{"href":"https:\/\/balisense.fr\/index.php\/wp-json\/wp\/v2\/media?parent=124"}],"curies":[{"name":"wp","href":"https:\/\/api.w.org\/{rel}","templated":true}]}}