{"id":220,"date":"2024-07-09T01:56:34","date_gmt":"2024-07-08T23:56:34","guid":{"rendered":"https:\/\/balisense.fr\/?page_id=220"},"modified":"2025-11-05T11:17:02","modified_gmt":"2025-11-05T10:17:02","slug":"promo","status":"publish","type":"page","link":"https:\/\/balisense.fr\/index.php\/promo\/","title":{"rendered":"Promo"},"content":{"rendered":"\n<div class=\"wp-block-cover alignfull is-light\" style=\"padding-top:200px;padding-bottom:0px;min-height:550px;aspect-ratio:unset;\"><span aria-hidden=\"true\" class=\"wp-block-cover__background has-background-dim-100 has-background-dim\" style=\"background-color:#fff6ea\"><\/span><div class=\"wp-block-cover__inner-container has-global-padding is-layout-constrained wp-container-core-cover-is-layout-73d64291 wp-block-cover-is-layout-constrained\">\n<div class=\"wp-block-columns alignwide is-layout-flex wp-container-core-columns-is-layout-96d94145 wp-block-columns-is-layout-flex\" style=\"padding-bottom:25px\">\n<div class=\"wp-block-column is-vertically-aligned-top is-layout-flow wp-block-column-is-layout-flow\" style=\"padding-top:0px;padding-right:0px;padding-bottom:0px;padding-left:0px;flex-basis:60%\">\n<figure class=\"wp-block-image size-full is-resized\"><img loading=\"lazy\" decoding=\"async\" width=\"372\" height=\"220\" src=\"https:\/\/balisense.fr\/wp-content\/uploads\/2024\/07\/Header-balisense-2.jpg\" alt=\"\" class=\"wp-image-254\" style=\"width:297px;height:auto\" srcset=\"https:\/\/balisense.fr\/wp-content\/uploads\/2024\/07\/Header-balisense-2.jpg 372w, https:\/\/balisense.fr\/wp-content\/uploads\/2024\/07\/Header-balisense-2-300x177.jpg 300w\" sizes=\"auto, (max-width: 372px) 100vw, 372px\" \/><\/figure>\n<\/div>\n\n\n\n<div class=\"wp-block-column is-vertically-aligned-bottom is-layout-flow wp-block-column-is-layout-flow\" style=\"padding-left:0;flex-basis:50%\">\n<pre id=\"tw-target-text\" class=\"wp-block-preformatted has-young-serif-regular-font-family has-medium-font-size\">D\u00e9couvrez l'authentique tradition du massage indon\u00e9sien dans sa forme la plus authentique, ici m\u00eame, au c\u0153ur de Saint Michel sur Orge.<\/pre>\n<\/div>\n<\/div>\n\n\n\n<div class=\"wp-block-cover alignwide is-light\"><img loading=\"lazy\" decoding=\"async\" width=\"1280\" height=\"853\" class=\"wp-block-cover__image-background wp-image-178\" alt=\"\" src=\"https:\/\/balisense.fr\/wp-content\/uploads\/2024\/07\/wellness-1021131_1280.jpg\" style=\"object-position:51% 71%\" data-object-fit=\"cover\" data-object-position=\"51% 71%\" srcset=\"https:\/\/balisense.fr\/wp-content\/uploads\/2024\/07\/wellness-1021131_1280.jpg 1280w, https:\/\/balisense.fr\/wp-content\/uploads\/2024\/07\/wellness-1021131_1280-300x200.jpg 300w, https:\/\/balisense.fr\/wp-content\/uploads\/2024\/07\/wellness-1021131_1280-1024x682.jpg 1024w, https:\/\/balisense.fr\/wp-content\/uploads\/2024\/07\/wellness-1021131_1280-768x512.jpg 768w\" sizes=\"auto, (max-width: 1280px) 100vw, 1280px\" \/><span aria-hidden=\"true\" class=\"wp-block-cover__background has-background-dim-30 has-background-dim\" style=\"background-color:#c0915f\"><\/span><div class=\"wp-block-cover__inner-container is-layout-flow wp-block-cover-is-layout-flow\">\n<p class=\"has-text-align-center has-text-color has-link-color has-cinzel-decorative-font-family has-x-large-font-size wp-elements-9f81a43aeba0c2fe2ccd419d71947429\" style=\"color:#000000\"><strong>Tous les modelages sont r\u00e9alis\u00e9s avec de l&rsquo;huile chaude et du beurre naturel<\/strong><\/p>\n<\/div><\/div>\n<\/div><\/div>\n\n\n\n<div class=\"wp-block-cover alignfull is-light\" style=\"margin-top:0;margin-bottom:0\"><span aria-hidden=\"true\" class=\"wp-block-cover__background has-background-dim-100 has-background-dim\" style=\"background-color:#fdf6ee\"><\/span><div class=\"wp-block-cover__inner-container is-layout-flow wp-container-core-cover-is-layout-7c43e52d wp-block-cover-is-layout-flow\">\n<div class=\"wp-block-group alignfull has-background has-global-padding is-layout-constrained wp-block-group-is-layout-constrained\" style=\"background-color:#fbf5f5;padding-top:100px;padding-bottom:100px\">\n<div class=\"wp-block-columns alignwide is-layout-flex wp-container-core-columns-is-layout-28f84493 wp-block-columns-is-layout-flex\">\n<div class=\"wp-block-column has-global-padding is-content-justification-left is-layout-constrained wp-container-core-column-is-layout-cfb3d0ea wp-block-column-is-layout-constrained\">\n<h2 class=\"wp-block-heading has-text-color has-cinzel-font-family\" style=\"color:#2b3c2c;padding-bottom:30px;font-size:clamp(28.836px, 1.802rem + ((1vw - 3.2px) * 2.405), 50px);font-style:normal;font-weight:400\">Promo de Novembre<\/h2>\n\n\n\n<hr class=\"wp-block-separator has-text-color has-alpha-channel-opacity has-background is-style-wide\" style=\"margin-top:10px;margin-bottom:10px;background-color:#2b3c2c;color:#2b3c2c\"\/>\n\n\n\n<div class=\"wp-block-columns is-layout-flex wp-container-core-columns-is-layout-1fe1f53f wp-block-columns-is-layout-flex\" style=\"padding-top:20px;padding-bottom:20px\">\n<div class=\"wp-block-column is-vertically-aligned-center has-cinzel-decorative-font-family is-layout-flow wp-block-column-is-layout-flow\" style=\"flex-basis:50%\">\n<h2 class=\"wp-block-heading has-text-color has-cinzel-decorative-font-family\" style=\"color:#2b3c2c;font-size:clamp(18.434px, 1.152rem + ((1vw - 3.2px) * 1.201), 29px);font-style:normal;font-weight:400;line-height:1.5\">Massage Cr\u00e2nien et Massage des Jambes<\/h2>\n\n\n\n<h2 class=\"wp-block-heading has-text-color has-cinzel-decorative-font-family\" style=\"color:#2b3c2c;font-size:clamp(18.434px, 1.152rem + ((1vw - 3.2px) * 1.201), 29px);font-style:normal;font-weight:400;line-height:1.5\">Dur\u00e9e : 60 minutes &#8211; 40\u20ac<\/h2>\n<\/div>\n\n\n\n<div class=\"wp-block-column is-vertically-aligned-center is-layout-flow wp-block-column-is-layout-flow\" style=\"flex-basis:50%\">\n<div class=\"wp-block-buttons is-content-justification-right is-layout-flex wp-container-core-buttons-is-layout-d445cf74 wp-block-buttons-is-layout-flex\">\n<div class=\"wp-block-button is-style-outline is-style-outline--1\"><a class=\"wp-block-button__link has-text-color has-background has-border-color has-work-sans-regular-font-family has-custom-font-size wp-element-button\" href=\"https:\/\/balisense.fr\/index.php\/contact\/\" style=\"border-color:#2b3c2c;border-width:1px;border-radius:0px;color:#80592d;background-color:#e9bc8b;padding-top:10px;padding-right:40px;padding-bottom:10px;padding-left:40px;font-size:clamp(14px, 0.875rem + ((1vw - 3.2px) * 0.455), 18px);\">R\u00e9servez-nous<\/a><\/div>\n<\/div>\n<\/div>\n<\/div>\n\n\n\n<hr class=\"wp-block-separator has-text-color has-alpha-channel-opacity has-background is-style-wide\" style=\"margin-top:10px;margin-bottom:10px;background-color:#2b3c2c;color:#2b3c2c\"\/>\n\n\n\n<div class=\"wp-block-columns is-layout-flex wp-container-core-columns-is-layout-1fe1f53f wp-block-columns-is-layout-flex\" style=\"padding-top:20px;padding-bottom:20px\">\n<div class=\"wp-block-column is-vertically-aligned-center is-layout-flow wp-block-column-is-layout-flow\" style=\"flex-basis:50%\">\n<h2 class=\"wp-block-heading has-text-color has-cinzel-decorative-font-family\" style=\"color:#2b3c2c;font-size:clamp(18.959px, 1.185rem + ((1vw - 3.2px) * 1.255), 30px);font-style:normal;font-weight:400;line-height:1.5\">Massage Balinais avec pierre chaude<\/h2>\n\n\n\n<h2 class=\"wp-block-heading has-text-color has-cinzel-decorative-font-family\" style=\"color:#2b3c2c;font-size:clamp(18.959px, 1.185rem + ((1vw - 3.2px) * 1.255), 30px);font-style:normal;font-weight:400;line-height:1.5\">Dur\u00e9e : 75 minutes &#8211; 50\u20ac<\/h2>\n<\/div>\n\n\n\n<div class=\"wp-block-column is-vertically-aligned-center is-layout-flow wp-block-column-is-layout-flow\" style=\"flex-basis:50%\">\n<div class=\"wp-block-buttons is-content-justification-right is-layout-flex wp-container-core-buttons-is-layout-d445cf74 wp-block-buttons-is-layout-flex\">\n<div class=\"wp-block-button is-style-outline is-style-outline--2\"><a class=\"wp-block-button__link has-text-color has-background has-border-color has-work-sans-regular-font-family has-custom-font-size wp-element-button\" href=\"https:\/\/balisense.fr\/index.php\/contact\/\" style=\"border-color:#2b3c2c;border-width:1px;border-radius:0px;color:#80592d;background-color:#e9bc8b;padding-top:10px;padding-right:40px;padding-bottom:10px;padding-left:40px;font-size:clamp(14px, 0.875rem + ((1vw - 3.2px) * 0.455), 18px);\">R\u00e9servez-nous<\/a><\/div>\n<\/div>\n<\/div>\n<\/div>\n\n\n\n<hr class=\"wp-block-separator has-text-color has-alpha-channel-opacity has-background is-style-wide\" style=\"margin-top:10px;margin-bottom:10px;background-color:#2b3c2c;color:#2b3c2c\"\/>\n\n\n\n<div class=\"wp-block-columns is-layout-flex wp-container-core-columns-is-layout-1fe1f53f wp-block-columns-is-layout-flex\" style=\"padding-top:20px;padding-bottom:20px\">\n<div class=\"wp-block-column is-vertically-aligned-center is-layout-flow wp-block-column-is-layout-flow\" style=\"flex-basis:50%\">\n<h2 class=\"wp-block-heading has-text-color has-cinzel-decorative-font-family\" style=\"color:#2b3c2c;font-size:clamp(18.959px, 1.185rem + ((1vw - 3.2px) * 1.255), 30px);font-style:normal;font-weight:400;line-height:1.5\">Massage Javanais avec pierre chaude<\/h2>\n\n\n\n<h2 class=\"wp-block-heading has-text-color has-cinzel-decorative-font-family\" style=\"color:#2b3c2c;font-size:clamp(18.959px, 1.185rem + ((1vw - 3.2px) * 1.255), 30px);font-style:normal;font-weight:400;line-height:1.5\">Dur\u00e9e : 75 minutes &#8211; 50\u20ac<\/h2>\n<\/div>\n\n\n\n<div class=\"wp-block-column is-vertically-aligned-center is-layout-flow wp-block-column-is-layout-flow\" style=\"flex-basis:50%\">\n<div class=\"wp-block-buttons is-content-justification-right is-layout-flex wp-container-core-buttons-is-layout-d445cf74 wp-block-buttons-is-layout-flex\">\n<div class=\"wp-block-button is-style-outline is-style-outline--3\"><a class=\"wp-block-button__link has-text-color has-background has-border-color has-work-sans-regular-font-family has-custom-font-size wp-element-button\" href=\"https:\/\/balisense.fr\/index.php\/contact\/\" style=\"border-color:#2b3c2c;border-width:1px;border-radius:0px;color:#80592d;background-color:#e9bc8b;padding-top:10px;padding-right:40px;padding-bottom:10px;padding-left:40px;font-size:clamp(14px, 0.875rem + ((1vw - 3.2px) * 0.455), 18px);\">R\u00e9servez-nous<\/a><\/div>\n<\/div>\n<\/div>\n<\/div>\n\n\n\n<hr class=\"wp-block-separator has-text-color has-alpha-channel-opacity has-background is-style-wide\" style=\"margin-top:10px;margin-bottom:10px;background-color:#2b3c2c;color:#2b3c2c\"\/>\n<\/div>\n<\/div>\n<\/div>\n<\/div><\/div>\n\n\n\n<div class=\"wp-block-group alignfull has-global-padding is-content-justification-center is-layout-constrained wp-container-core-group-is-layout-02dc50a7 wp-block-group-is-layout-constrained\" style=\"margin-top:0;margin-bottom:0;padding-top:80px;padding-right:1em;padding-bottom:120px;padding-left:1rem\">\n<div class=\"wp-block-columns is-layout-flex wp-container-core-columns-is-layout-28f84493 wp-block-columns-is-layout-flex\">\n<div class=\"wp-block-column is-layout-flow wp-block-column-is-layout-flow\">\n<h3 class=\"wp-block-heading has-young-serif-regular-font-family\" style=\"font-size:clamp(18.959px, 1.185rem + ((1vw - 3.2px) * 1.255), 30px);\">un voyage de sens Balinais<\/h3>\n\n\n\n<p>Pr\u00eat \u00e0 d\u00e9couvrir le bonheur du massage indon\u00e9sien ? Contactez-nous pour toute question ou pour r\u00e9server votre s\u00e9ance de rajeunissement. Nous avons h\u00e2te d&rsquo;avoir de vos nouvelles&nbsp;!<\/p>\n<\/div>\n\n\n\n<div class=\"wp-block-column is-layout-flow wp-block-column-is-layout-flow\">\n<h3 class=\"wp-block-heading has-young-serif-regular-font-family\" style=\"font-size:clamp(18.959px, 1.185rem + ((1vw - 3.2px) * 1.255), 30px);\">63 ter rue d&rsquo;enfer 91240 Saint Michel-sur-Orge<\/h3>\n\n\n\n<ul class=\"wp-block-list\">\n<li>Parking priv\u00e9<\/li>\n\n\n\n<li>Par RER C arr\u00eat&nbsp;la gare de Saint Michel-sur-Orge<\/li>\n\n\n\n<li>Par Bus 4541 arr\u00eat&nbsp;Jacques Brel<\/li>\n<\/ul>\n<\/div>\n<\/div>\n<\/div>\n\n\n\n<p><\/p>\n","protected":false},"excerpt":{"rendered":"<p>un voyage de sens Balinais Pr\u00eat \u00e0 d\u00e9couvrir le bonheur du massage indon\u00e9sien ? Contactez-nous pour toute question ou pour r\u00e9server votre s\u00e9ance de rajeunissement. Nous avons h\u00e2te d&rsquo;avoir de vos nouvelles&nbsp;! 63 ter rue d&rsquo;enfer 91240 Saint Michel-sur-Orge<\/p>\n","protected":false},"author":1,"featured_media":0,"parent":0,"menu_order":0,"comment_status":"closed","ping_status":"closed","template":"","meta":{"footnotes":""},"class_list":["post-220","page","type-page","status-publish","hentry"],"_links":{"self":[{"href":"https:\/\/balisense.fr\/index.php\/wp-json\/wp\/v2\/pages\/220","targetHints":{"allow":["GET"]}}],"collection":[{"href":"https:\/\/balisense.fr\/index.php\/wp-json\/wp\/v2\/pages"}],"about":[{"href":"https:\/\/balisense.fr\/index.php\/wp-json\/wp\/v2\/types\/page"}],"author":[{"embeddable":true,"href":"https:\/\/balisense.fr\/index.php\/wp-json\/wp\/v2\/users\/1"}],"replies":[{"embeddable":true,"href":"https:\/\/balisense.fr\/index.php\/wp-json\/wp\/v2\/comments?post=220"}],"version-history":[{"count":30,"href":"https:\/\/balisense.fr\/index.php\/wp-json\/wp\/v2\/pages\/220\/revisions"}],"predecessor-version":[{"id":464,"href":"https:\/\/balisense.fr\/index.php\/wp-json\/wp\/v2\/pages\/220\/revisions\/464"}],"wp:attachment":[{"href":"https:\/\/balisense.fr\/index.php\/wp-json\/wp\/v2\/media?parent=220"}],"curies":[{"name":"wp","href":"https:\/\/api.w.org\/{rel}","templated":true}]}}