{"id":326,"date":"2025-03-07T14:07:23","date_gmt":"2025-03-07T13:07:23","guid":{"rendered":"https:\/\/balisense.fr\/?page_id=326"},"modified":"2025-03-08T14:32:27","modified_gmt":"2025-03-08T13:32:27","slug":"infos","status":"publish","type":"page","link":"https:\/\/balisense.fr\/index.php\/infos\/","title":{"rendered":"Infos Importantes"},"content":{"rendered":"\n<div class=\"wp-block-cover alignfull is-light\"><span aria-hidden=\"true\" class=\"wp-block-cover__background has-background-dim-30 has-background-dim\" style=\"background-color:#c0915f\"><\/span><img loading=\"lazy\" decoding=\"async\" width=\"1280\" height=\"853\" class=\"wp-block-cover__image-background wp-image-178\" alt=\"\" src=\"https:\/\/balisense.fr\/wp-content\/uploads\/2024\/07\/wellness-1021131_1280.jpg\" style=\"object-position:60% 63%\" data-object-fit=\"cover\" data-object-position=\"60% 63%\" srcset=\"https:\/\/balisense.fr\/wp-content\/uploads\/2024\/07\/wellness-1021131_1280.jpg 1280w, https:\/\/balisense.fr\/wp-content\/uploads\/2024\/07\/wellness-1021131_1280-300x200.jpg 300w, https:\/\/balisense.fr\/wp-content\/uploads\/2024\/07\/wellness-1021131_1280-1024x682.jpg 1024w, https:\/\/balisense.fr\/wp-content\/uploads\/2024\/07\/wellness-1021131_1280-768x512.jpg 768w\" sizes=\"auto, (max-width: 1280px) 100vw, 1280px\" \/><div class=\"wp-block-cover__inner-container has-global-padding is-layout-constrained wp-container-core-cover-is-layout-4383d167 wp-block-cover-is-layout-constrained\">\n<div style=\"height:50px\" aria-hidden=\"true\" class=\"wp-block-spacer\"><\/div>\n\n\n\n<h1 class=\"wp-block-heading has-text-align-center has-text-color has-link-color has-cinzel-decorative-font-family wp-elements-c19becb6030840c18b84afa05994fd35\" style=\"color:#211700;font-size:clamp(30.693px, 1.918rem + ((1vw - 3.2px) * 2.649), 54px);\"><strong>Infos Importantes<\/strong><\/h1>\n<\/div><\/div>\n\n\n\n<div class=\"wp-block-group alignwide has-global-padding is-layout-constrained wp-container-core-group-is-layout-0858f599 wp-block-group-is-layout-constrained\" style=\"padding-top:80px;padding-bottom:80px\">\n<div class=\"wp-block-columns is-layout-flex wp-container-core-columns-is-layout-9a362313 wp-block-columns-is-layout-flex\">\n<div class=\"wp-block-column has-background is-layout-flow wp-container-core-column-is-layout-92d4a6a6 wp-block-column-is-layout-flow\" style=\"background-color:#f6f3ea;padding-bottom:30px\">\n<h4 class=\"wp-block-heading has-text-color has-background has-link-color has-cinzel-decorative-font-family wp-elements-f864118d73f81970e37b5c71a8e43014\" style=\"color:#000000;background-color:#f6f3ea;padding-top:25px;padding-left:35px;font-size:clamp(16.293px, 1.018rem + ((1vw - 3.2px) * 0.989), 25px);font-style:normal;font-weight:700\">Certaines conditions interdisant de recevoir des massages :<\/h4>\n\n\n\n<ul style=\"color:#000000;padding-right:20px;font-size:clamp(14px, 0.875rem + ((1vw - 3.2px) * 0.341), 17px);\" class=\"wp-block-list has-text-color has-link-color has-fraunces-font-family wp-elements-5bb924e4b785444d97743ca177b92902\">\n<li>Fi\u00e8vre<\/li>\n\n\n\n<li>Intervention chirurgicale importante r\u00e9cente. <em>Veuillez consulter votre m\u00e9decin avant de prendre rdv.<\/em><\/li>\n\n\n\n<li>Pathologie grave (cancer, accident vasculaire c\u00e9r\u00e9bral, crise cardiaque, etc.)&nbsp;<em>Veuillez consulter votre m\u00e9decin avant de prendre rdv.<\/em><\/li>\n\n\n\n<li>Rupture musculaire.&nbsp;<em>Veuillez consulter votre m\u00e9decin avant de prendre rdv.<\/em><\/li>\n\n\n\n<li>Grossesse.&nbsp;<em>Veuillez consulter votre m\u00e9decin avant de prendre rdv.<\/em><\/li>\n\n\n\n<li>Probl\u00e8mes de peau, irritations,&nbsp;pouss\u00e9e de psoriasis. <em>Veuillez attendre que la pouss\u00e9e disparaisse avant de faire un rdv<\/em><\/li>\n\n\n\n<li>Infections bact\u00e9riennes\/fongiques.&nbsp;<em>Veuillez attendre que la pouss\u00e9e disparaisse avant de faire un rdv<\/em><\/li>\n\n\n\n<li>Avant le massage, assurez-vous que vous n&rsquo;\u00eates pas allergique \u00e0 certaines huiles de massage et il est conseill\u00e9 de respecter 1h d\u2019attente apr\u00e8s un repas.<\/li>\n<\/ul>\n<\/div>\n<\/div>\n<\/div>\n\n\n\n<div class=\"wp-block-cover alignfull\" style=\"margin-top:0px;margin-bottom:0px;min-height:490px;aspect-ratio:unset;\"><span aria-hidden=\"true\" class=\"wp-block-cover__background has-background-dim-0 has-background-dim\" style=\"background-color:#80786d\"><\/span><img loading=\"lazy\" decoding=\"async\" width=\"2560\" height=\"1920\" class=\"wp-block-cover__image-background wp-image-335\" alt=\"\" src=\"https:\/\/balisense.fr\/wp-content\/uploads\/2025\/03\/IMG_20250228_182548-scaled.jpg\" style=\"object-position:63% 75%\" data-object-fit=\"cover\" data-object-position=\"63% 75%\" srcset=\"https:\/\/balisense.fr\/wp-content\/uploads\/2025\/03\/IMG_20250228_182548-scaled.jpg 2560w, https:\/\/balisense.fr\/wp-content\/uploads\/2025\/03\/IMG_20250228_182548-300x225.jpg 300w, https:\/\/balisense.fr\/wp-content\/uploads\/2025\/03\/IMG_20250228_182548-1024x768.jpg 1024w, https:\/\/balisense.fr\/wp-content\/uploads\/2025\/03\/IMG_20250228_182548-768x576.jpg 768w, https:\/\/balisense.fr\/wp-content\/uploads\/2025\/03\/IMG_20250228_182548-1536x1152.jpg 1536w, https:\/\/balisense.fr\/wp-content\/uploads\/2025\/03\/IMG_20250228_182548-2048x1536.jpg 2048w\" sizes=\"auto, (max-width: 2560px) 100vw, 2560px\" \/><div class=\"wp-block-cover__inner-container is-layout-flow wp-block-cover-is-layout-flow\">\n<p class=\"has-text-align-center has-large-font-size\"><\/p>\n<\/div><\/div>\n\n\n\n<p><\/p>\n","protected":false},"excerpt":{"rendered":"<p>Certaines conditions interdisant de recevoir des massages :<\/p>\n","protected":false},"author":1,"featured_media":0,"parent":0,"menu_order":0,"comment_status":"closed","ping_status":"closed","template":"","meta":{"footnotes":""},"class_list":["post-326","page","type-page","status-publish","hentry"],"_links":{"self":[{"href":"https:\/\/balisense.fr\/index.php\/wp-json\/wp\/v2\/pages\/326","targetHints":{"allow":["GET"]}}],"collection":[{"href":"https:\/\/balisense.fr\/index.php\/wp-json\/wp\/v2\/pages"}],"about":[{"href":"https:\/\/balisense.fr\/index.php\/wp-json\/wp\/v2\/types\/page"}],"author":[{"embeddable":true,"href":"https:\/\/balisense.fr\/index.php\/wp-json\/wp\/v2\/users\/1"}],"replies":[{"embeddable":true,"href":"https:\/\/balisense.fr\/index.php\/wp-json\/wp\/v2\/comments?post=326"}],"version-history":[{"count":7,"href":"https:\/\/balisense.fr\/index.php\/wp-json\/wp\/v2\/pages\/326\/revisions"}],"predecessor-version":[{"id":403,"href":"https:\/\/balisense.fr\/index.php\/wp-json\/wp\/v2\/pages\/326\/revisions\/403"}],"wp:attachment":[{"href":"https:\/\/balisense.fr\/index.php\/wp-json\/wp\/v2\/media?parent=326"}],"curies":[{"name":"wp","href":"https:\/\/api.w.org\/{rel}","templated":true}]}}